{"id":6827,"date":"2024-12-29T15:58:17","date_gmt":"2024-12-29T14:58:17","guid":{"rendered":"https:\/\/www.carrera-fun.com\/?page_id=6827"},"modified":"2025-01-04T14:15:48","modified_gmt":"2025-01-04T13:15:48","slug":"vehicules-hybrid","status":"publish","type":"page","link":"https:\/\/www.carrera-fun.com\/?page_id=6827","title":{"rendered":"V\u00e9hicules Hybrid"},"content":{"rendered":"\n<p>Liste des v\u00e9hicules CARRERA Hybrid<\/p>\n\n\n\n<figure class=\"wp-block-table\"><table class=\"has-fixed-layout\"><tbody><tr><td class=\"has-text-align-center\" data-align=\"center\"><strong>R\u00e9f\u00e9rence<\/strong><\/td><td class=\"has-text-align-center\" data-align=\"center\"><strong>Photo<\/strong><\/td><td><strong>Nom et ann\u00e9e de sortie<\/strong><\/td><\/tr><tr><td class=\"has-text-align-center\" data-align=\"center\"><strong>51001<\/strong><\/td><td class=\"has-text-align-center\" data-align=\"center\"><img loading=\"lazy\" decoding=\"async\" width=\"250\" height=\"153\" class=\"wp-image-5888\" style=\"width: 250px;\" src=\"https:\/\/www.carrera-fun.com\/wp-content\/uploads\/2024\/09\/51001.png\" alt=\"\" srcset=\"https:\/\/www.carrera-fun.com\/wp-content\/uploads\/2024\/09\/51001.png 1024w, https:\/\/www.carrera-fun.com\/wp-content\/uploads\/2024\/09\/51001-300x184.png 300w, https:\/\/www.carrera-fun.com\/wp-content\/uploads\/2024\/09\/51001-768x471.png 768w, https:\/\/www.carrera-fun.com\/wp-content\/uploads\/2024\/09\/51001-600x368.png 600w\" sizes=\"auto, (max-width: 250px) 100vw, 250px\" \/><\/td><td>Porsche 911 GT3 R \u00ab&nbsp;Speed Yel<strong>low&nbsp;\u00bb&nbsp;<\/strong><br>2024<\/td><\/tr><tr><td class=\"has-text-align-center\" data-align=\"center\"><strong>51002<\/strong><\/td><td class=\"has-text-align-center\" data-align=\"center\"><img loading=\"lazy\" decoding=\"async\" width=\"250\" height=\"153\" class=\"wp-image-5887\" style=\"width: 250px;\" src=\"https:\/\/www.carrera-fun.com\/wp-content\/uploads\/2024\/09\/51002.png\" alt=\"\" srcset=\"https:\/\/www.carrera-fun.com\/wp-content\/uploads\/2024\/09\/51002.png 1024w, https:\/\/www.carrera-fun.com\/wp-content\/uploads\/2024\/09\/51002-300x184.png 300w, https:\/\/www.carrera-fun.com\/wp-content\/uploads\/2024\/09\/51002-768x471.png 768w, https:\/\/www.carrera-fun.com\/wp-content\/uploads\/2024\/09\/51002-600x368.png 600w\" sizes=\"auto, (max-width: 250px) 100vw, 250px\" \/><\/td><td><strong>Porsche 911 GT3 R \u00ab&nbsp;Acid Green&nbsp;\u00bb<\/strong><br>2024<\/td><\/tr><tr><td class=\"has-text-align-center\" data-align=\"center\"><strong>51003<\/strong><\/td><td class=\"has-text-align-center\" data-align=\"center\"><img loading=\"lazy\" decoding=\"async\" width=\"250\" height=\"153\" class=\"wp-image-5886\" style=\"width: 250px;\" src=\"https:\/\/www.carrera-fun.com\/wp-content\/uploads\/2024\/09\/51003.png\" alt=\"\" srcset=\"https:\/\/www.carrera-fun.com\/wp-content\/uploads\/2024\/09\/51003.png 1024w, https:\/\/www.carrera-fun.com\/wp-content\/uploads\/2024\/09\/51003-300x184.png 300w, https:\/\/www.carrera-fun.com\/wp-content\/uploads\/2024\/09\/51003-768x471.png 768w, https:\/\/www.carrera-fun.com\/wp-content\/uploads\/2024\/09\/51003-600x368.png 600w\" sizes=\"auto, (max-width: 250px) 100vw, 250px\" \/><\/td><td><strong>Porsche 911 GT3 R \u00ab&nbsp;Black Devil&nbsp;\u00bb<\/strong><br>2024<\/td><\/tr><tr><td class=\"has-text-align-center\" data-align=\"center\"><strong>51004<\/strong><\/td><td class=\"has-text-align-center\" data-align=\"center\"><img loading=\"lazy\" decoding=\"async\" width=\"250\" height=\"153\" class=\"wp-image-5885\" style=\"width: 250px;\" src=\"https:\/\/www.carrera-fun.com\/wp-content\/uploads\/2024\/09\/51004.png\" alt=\"\" srcset=\"https:\/\/www.carrera-fun.com\/wp-content\/uploads\/2024\/09\/51004.png 1024w, https:\/\/www.carrera-fun.com\/wp-content\/uploads\/2024\/09\/51004-300x184.png 300w, https:\/\/www.carrera-fun.com\/wp-content\/uploads\/2024\/09\/51004-768x471.png 768w, https:\/\/www.carrera-fun.com\/wp-content\/uploads\/2024\/09\/51004-600x368.png 600w\" sizes=\"auto, (max-width: 250px) 100vw, 250px\" \/><\/td><td><strong>Porsche 911 GT3 R \u00ab&nbsp;Red Devil&nbsp;\u00bb<br><\/strong>2024<\/td><\/tr><tr><td class=\"has-text-align-center\" data-align=\"center\"><strong>51005<\/strong><\/td><td class=\"has-text-align-center\" data-align=\"center\"><img loading=\"lazy\" decoding=\"async\" width=\"250\" height=\"153\" class=\"wp-image-5884\" style=\"width: 250px;\" src=\"https:\/\/www.carrera-fun.com\/wp-content\/uploads\/2024\/09\/51005.png\" alt=\"\" srcset=\"https:\/\/www.carrera-fun.com\/wp-content\/uploads\/2024\/09\/51005.png 1024w, https:\/\/www.carrera-fun.com\/wp-content\/uploads\/2024\/09\/51005-300x184.png 300w, https:\/\/www.carrera-fun.com\/wp-content\/uploads\/2024\/09\/51005-768x471.png 768w, https:\/\/www.carrera-fun.com\/wp-content\/uploads\/2024\/09\/51005-600x368.png 600w\" sizes=\"auto, (max-width: 250px) 100vw, 250px\" \/><\/td><td><strong>Porsche 911 GT3 R \u00ab&nbsp;Blue Thunder&nbsp;\u00bb<\/strong><br>2024<\/td><\/tr><tr><td class=\"has-text-align-center\" data-align=\"center\"><strong>51006<\/strong><\/td><td class=\"has-text-align-center\" data-align=\"center\"><img loading=\"lazy\" decoding=\"async\" width=\"250\" height=\"153\" class=\"wp-image-5883\" style=\"width: 250px;\" src=\"https:\/\/www.carrera-fun.com\/wp-content\/uploads\/2024\/09\/51006.png\" alt=\"\" srcset=\"https:\/\/www.carrera-fun.com\/wp-content\/uploads\/2024\/09\/51006.png 1024w, https:\/\/www.carrera-fun.com\/wp-content\/uploads\/2024\/09\/51006-300x184.png 300w, https:\/\/www.carrera-fun.com\/wp-content\/uploads\/2024\/09\/51006-768x471.png 768w, https:\/\/www.carrera-fun.com\/wp-content\/uploads\/2024\/09\/51006-600x368.png 600w\" sizes=\"auto, (max-width: 250px) 100vw, 250px\" \/><\/td><td><strong>Porsche 911 GT3 R \u00ab&nbsp;White Lightning&nbsp;\u00bb<\/strong><br>2025<\/td><\/tr><tr><td class=\"has-text-align-center\" data-align=\"center\"><strong>51007<\/strong><\/td><td class=\"has-text-align-center\" data-align=\"center\"><img loading=\"lazy\" decoding=\"async\" width=\"250\" height=\"156\" class=\"wp-image-7091\" style=\"width: 250px;\" src=\"https:\/\/www.carrera-fun.com\/wp-content\/uploads\/2025\/01\/51007.jpg\" alt=\"\" srcset=\"https:\/\/www.carrera-fun.com\/wp-content\/uploads\/2025\/01\/51007.jpg 600w, https:\/\/www.carrera-fun.com\/wp-content\/uploads\/2025\/01\/51007-300x188.jpg 300w\" sizes=\"auto, (max-width: 250px) 100vw, 250px\" \/><\/td><td>Porsche 911 GT3 R \u00ab\u00a0GT-Silver Metallic\u00a0\u00bb<\/td><\/tr><tr><td class=\"has-text-align-center\" data-align=\"center\"><\/td><td class=\"has-text-align-center\" data-align=\"center\"><\/td><td><\/td><\/tr><\/tbody><\/table><\/figure>\n\n\n\n<p>Derni\u00e8re mise \u00e0 jour le 29\/12\/2024<\/p>\n\n\n\n<p><\/p>\n","protected":false},"excerpt":{"rendered":"<p>Liste des v\u00e9hicules CARRERA Hybrid R\u00e9f\u00e9rence Photo Nom et ann\u00e9e de sortie 51001 Porsche 911 GT3 R \u00ab&nbsp;Speed Yellow&nbsp;\u00bb&nbsp;2024 51002 Porsche 911 GT3 R \u00ab&nbsp;Acid Green&nbsp;\u00bb2024 51003 Porsche 911 GT3&hellip; <\/p>\n","protected":false},"author":1,"featured_media":0,"parent":0,"menu_order":0,"comment_status":"closed","ping_status":"closed","template":"","meta":{"_sitemap_exclude":false,"_sitemap_priority":"","_sitemap_frequency":"","footnotes":""},"class_list":["post-6827","page","type-page","status-publish","hentry"],"_links":{"self":[{"href":"https:\/\/www.carrera-fun.com\/index.php?rest_route=\/wp\/v2\/pages\/6827","targetHints":{"allow":["GET"]}}],"collection":[{"href":"https:\/\/www.carrera-fun.com\/index.php?rest_route=\/wp\/v2\/pages"}],"about":[{"href":"https:\/\/www.carrera-fun.com\/index.php?rest_route=\/wp\/v2\/types\/page"}],"author":[{"embeddable":true,"href":"https:\/\/www.carrera-fun.com\/index.php?rest_route=\/wp\/v2\/users\/1"}],"replies":[{"embeddable":true,"href":"https:\/\/www.carrera-fun.com\/index.php?rest_route=%2Fwp%2Fv2%2Fcomments&post=6827"}],"version-history":[{"count":3,"href":"https:\/\/www.carrera-fun.com\/index.php?rest_route=\/wp\/v2\/pages\/6827\/revisions"}],"predecessor-version":[{"id":7092,"href":"https:\/\/www.carrera-fun.com\/index.php?rest_route=\/wp\/v2\/pages\/6827\/revisions\/7092"}],"wp:attachment":[{"href":"https:\/\/www.carrera-fun.com\/index.php?rest_route=%2Fwp%2Fv2%2Fmedia&parent=6827"}],"curies":[{"name":"wp","href":"https:\/\/api.w.org\/{rel}","templated":true}]}}